{"id":398,"date":"2025-09-01T21:15:04","date_gmt":"2025-09-01T21:15:04","guid":{"rendered":"https:\/\/voixetouffees.net\/?page_id=398"},"modified":"2025-11-16T15:43:53","modified_gmt":"2025-11-16T15:43:53","slug":"vemv-collection","status":"publish","type":"page","link":"https:\/\/voixetouffees.net\/en\/vemv-collection\/","title":{"rendered":"VEMV Collection"},"content":{"rendered":"<div data-elementor-type=\"wp-page\" data-elementor-id=\"398\" class=\"elementor elementor-398\">\n\t\t\t\t\t\t<section style=\"background-image: url(https:\/\/voixetouffees.net\/wp-content\/uploads\/2025\/09\/FVE_VEMVbanniere.jpg);\" class=\"parallax_section_holder elementor-section elementor-top-section elementor-element elementor-element-4603c3ea elementor-section-full_width parallax_section_holder elementor-section-content-middle elementor-section-stretched elementor-section-height-default elementor-section-height-default qode_elementor_container_no qode-content-aligment-left\" data-speed=\"0\" data-id=\"4603c3ea\" data-element_type=\"section\" data-settings=\"{&quot;qode_parallax_image&quot;:{&quot;url&quot;:&quot;https:\\\/\\\/voixetouffees.net\\\/wp-content\\\/uploads\\\/2025\\\/09\\\/FVE_VEMVbanniere.jpg&quot;,&quot;id&quot;:402,&quot;size&quot;:&quot;&quot;,&quot;alt&quot;:&quot;&quot;,&quot;source&quot;:&quot;library&quot;},&quot;stretch_section&quot;:&quot;section-stretched&quot;}\">\n\t\t\t\t\t\t<div class=\"elementor-container elementor-column-gap-default\">\n\t\t\t\t\t<div class=\"elementor-column elementor-col-100 elementor-top-column elementor-element elementor-element-44b5dd8\" data-id=\"44b5dd8\" data-element_type=\"column\">\n\t\t\t<div class=\"elementor-widget-wrap elementor-element-populated\">\n\t\t\t\t\t\t<div class=\"elementor-element elementor-element-3e5db501 elementor-widget elementor-widget-spacer\" data-id=\"3e5db501\" data-element_type=\"widget\" data-widget_type=\"spacer.default\">\n\t\t\t\t\t\t\t<div class=\"elementor-spacer\">\n\t\t\t<div class=\"elementor-spacer-inner\"><\/div>\n\t\t<\/div>\n\t\t\t\t\t\t<\/div>\n\t\t\t\t\t<\/div>\n\t\t<\/div>\n\t\t\t\t\t<\/div>\n\t\t<\/section>\n\t\t\t\t<section class=\"elementor-section elementor-top-section elementor-element elementor-element-18a55f88 elementor-section-full_width elementor-section-height-default elementor-section-height-default parallax_section_no qode_elementor_container_no qode-content-aligment-left\" data-id=\"18a55f88\" data-element_type=\"section\">\n\t\t\t\t\t\t<div class=\"elementor-container elementor-column-gap-default\">\n\t\t\t\t\t<div class=\"elementor-column elementor-col-100 elementor-top-column elementor-element elementor-element-2c4eb6b\" data-id=\"2c4eb6b\" data-element_type=\"column\">\n\t\t\t<div class=\"elementor-widget-wrap elementor-element-populated\">\n\t\t\t\t\t\t<div class=\"elementor-element elementor-element-3fb7bbbc elementor-widget-divider--view-line elementor-widget elementor-widget-divider\" data-id=\"3fb7bbbc\" data-element_type=\"widget\" data-widget_type=\"divider.default\">\n\t\t\t\t\t\t\t<div class=\"elementor-divider\">\n\t\t\t<span class=\"elementor-divider-separator\">\n\t\t\t\t\t\t<\/span>\n\t\t<\/div>\n\t\t\t\t\t\t<\/div>\n\t\t\t\t<div class=\"elementor-element elementor-element-73891f27 elementor-widget elementor-widget-text-editor\" data-id=\"73891f27\" data-element_type=\"widget\" data-widget_type=\"text-editor.default\">\n\t\t\t\t\t\t\t\t\t<h4>Voix \u00c9touff\u00e9es Missing Voices - a brand new Franco-European collection 2024-2029<\/h4>\t\t\t\t\t\t\t\t<\/div>\n\t\t\t\t\t<\/div>\n\t\t<\/div>\n\t\t\t\t\t<\/div>\n\t\t<\/section>\n\t\t<div class=\"elementor-element elementor-element-5407b6d e-flex e-con-boxed e-con e-parent\" data-id=\"5407b6d\" data-element_type=\"container\">\n\t\t\t\t\t<div class=\"e-con-inner\">\n\t\t\t\t<div class=\"elementor-element elementor-element-4b28309 elementor-widget elementor-widget-text-editor\" data-id=\"4b28309\" data-element_type=\"widget\" data-widget_type=\"text-editor.default\">\n\t\t\t\t\t\t\t\t\t<p>Following the success of the record collection \u201cLes Musiciens et la Grande Guerre\u201d (Musicans and the Great War, with 36 albums released between 2014 and 2019), the French recording label Hortus intends to participate in the work of the musical memory of the Second World War through this new collection in collaboration with the Voix \u00c9touff\u00e9es Forum and the Missing Voices project. Between 2024 and 2026, 8 first volumes are planned, aiming for the first time to discover or rediscover the composers who were victims of the totalitarianisms of the 20th century, and first and foremost of Nazism and the Holocaust, from both a French and a European perspective.<\/p><p>\u00a0<\/p><p>This collection reveals the political and stylistic upheavals of the 1920-1950 decades, as well as France's role at European level as a land of exile, diffusion and collaboration during those years. It offers a unique opportunity to discover or rediscover a rich and diverse heritage, charged with a rare emotional value.<\/p>\t\t\t\t\t\t\t\t<\/div>\n\t\t\t\t\t<\/div>\n\t\t\t\t<\/div>\n\t\t<div class=\"elementor-element elementor-element-e3ad602 e-flex e-con-boxed e-con e-parent\" data-id=\"e3ad602\" data-element_type=\"container\">\n\t\t\t\t\t<div class=\"e-con-inner\">\n\t\t<div class=\"elementor-element elementor-element-3b9b7f5 e-con-full e-flex e-con e-child\" data-id=\"3b9b7f5\" data-element_type=\"container\">\n\t\t\t\t<div class=\"elementor-element elementor-element-e01037c elementor-widget elementor-widget-image\" data-id=\"e01037c\" data-element_type=\"widget\" data-widget_type=\"image.default\">\n\t\t\t\t\t\t\t\t\t\t\t\t\t\t\t<img fetchpriority=\"high\" decoding=\"async\" width=\"949\" height=\"238\" src=\"https:\/\/voixetouffees.net\/wp-content\/uploads\/2025\/09\/logo-missing-voices-2024-black.png\" class=\"attachment-large size-large wp-image-410\" alt=\"\" srcset=\"https:\/\/voixetouffees.net\/wp-content\/uploads\/2025\/09\/logo-missing-voices-2024-black.png 949w, https:\/\/voixetouffees.net\/wp-content\/uploads\/2025\/09\/logo-missing-voices-2024-black-300x75.png 300w, https:\/\/voixetouffees.net\/wp-content\/uploads\/2025\/09\/logo-missing-voices-2024-black-768x193.png 768w, https:\/\/voixetouffees.net\/wp-content\/uploads\/2025\/09\/logo-missing-voices-2024-black-700x176.png 700w\" sizes=\"(max-width: 949px) 100vw, 949px\" \/>\t\t\t\t\t\t\t\t\t\t\t\t\t\t\t<\/div>\n\t\t\t\t<\/div>\n\t\t<div class=\"elementor-element elementor-element-f148774 e-con-full e-flex e-con e-child\" data-id=\"f148774\" data-element_type=\"container\">\n\t\t\t\t<div class=\"elementor-element elementor-element-4b254b9 elementor-widget elementor-widget-image\" data-id=\"4b254b9\" data-element_type=\"widget\" data-widget_type=\"image.default\">\n\t\t\t\t\t\t\t\t\t\t\t\t\t\t\t<img decoding=\"async\" width=\"1024\" height=\"536\" src=\"https:\/\/voixetouffees.net\/wp-content\/uploads\/2025\/09\/LOGO-FVE-1024x536.gif\" class=\"attachment-large size-large wp-image-12\" alt=\"\" srcset=\"https:\/\/voixetouffees.net\/wp-content\/uploads\/2025\/09\/LOGO-FVE-1024x536.gif 1024w, https:\/\/voixetouffees.net\/wp-content\/uploads\/2025\/09\/LOGO-FVE-300x157.gif 300w, https:\/\/voixetouffees.net\/wp-content\/uploads\/2025\/09\/LOGO-FVE-768x402.gif 768w, https:\/\/voixetouffees.net\/wp-content\/uploads\/2025\/09\/LOGO-FVE-1536x805.gif 1536w, https:\/\/voixetouffees.net\/wp-content\/uploads\/2025\/09\/LOGO-FVE-2048x1073.gif 2048w, https:\/\/voixetouffees.net\/wp-content\/uploads\/2025\/09\/LOGO-FVE-700x367.gif 700w, https:\/\/voixetouffees.net\/wp-content\/uploads\/2025\/09\/LOGO-FVE-1100x576.gif 1100w\" sizes=\"(max-width: 1024px) 100vw, 1024px\" \/>\t\t\t\t\t\t\t\t\t\t\t\t\t\t\t<\/div>\n\t\t\t\t<\/div>\n\t\t<div class=\"elementor-element elementor-element-f463ed7 e-con-full e-flex e-con e-child\" data-id=\"f463ed7\" data-element_type=\"container\">\n\t\t\t\t<div class=\"elementor-element elementor-element-fdec25e elementor-widget elementor-widget-image\" data-id=\"fdec25e\" data-element_type=\"widget\" data-widget_type=\"image.default\">\n\t\t\t\t\t\t\t\t\t\t\t\t\t\t\t<img decoding=\"async\" width=\"1024\" height=\"427\" src=\"https:\/\/voixetouffees.net\/wp-content\/uploads\/2025\/09\/FVE_logoEditionsHortus-1024x427.png\" class=\"attachment-large size-large wp-image-371\" alt=\"\" srcset=\"https:\/\/voixetouffees.net\/wp-content\/uploads\/2025\/09\/FVE_logoEditionsHortus-1024x427.png 1024w, https:\/\/voixetouffees.net\/wp-content\/uploads\/2025\/09\/FVE_logoEditionsHortus-300x125.png 300w, https:\/\/voixetouffees.net\/wp-content\/uploads\/2025\/09\/FVE_logoEditionsHortus-768x320.png 768w, https:\/\/voixetouffees.net\/wp-content\/uploads\/2025\/09\/FVE_logoEditionsHortus-1536x640.png 1536w, https:\/\/voixetouffees.net\/wp-content\/uploads\/2025\/09\/FVE_logoEditionsHortus-2048x854.png 2048w, https:\/\/voixetouffees.net\/wp-content\/uploads\/2025\/09\/FVE_logoEditionsHortus-700x292.png 700w, https:\/\/voixetouffees.net\/wp-content\/uploads\/2025\/09\/FVE_logoEditionsHortus-1100x458.png 1100w\" sizes=\"(max-width: 1024px) 100vw, 1024px\" \/>\t\t\t\t\t\t\t\t\t\t\t\t\t\t\t<\/div>\n\t\t\t\t<\/div>\n\t\t\t\t\t<\/div>\n\t\t\t\t<\/div>\n\t\t\t\t<section class=\"elementor-section elementor-top-section elementor-element elementor-element-7370511 elementor-section-full_width elementor-section-height-default elementor-section-height-default parallax_section_no qode_elementor_container_no qode-content-aligment-left\" data-id=\"7370511\" data-element_type=\"section\">\n\t\t\t\t\t\t<div class=\"elementor-container elementor-column-gap-default\">\n\t\t\t\t\t<div class=\"elementor-column elementor-col-100 elementor-top-column elementor-element elementor-element-9aa2108\" data-id=\"9aa2108\" data-element_type=\"column\">\n\t\t\t<div class=\"elementor-widget-wrap elementor-element-populated\">\n\t\t\t\t\t\t<div class=\"elementor-element elementor-element-b2c79ee elementor-widget-divider--view-line elementor-widget elementor-widget-divider\" data-id=\"b2c79ee\" data-element_type=\"widget\" data-widget_type=\"divider.default\">\n\t\t\t\t\t\t\t<div class=\"elementor-divider\">\n\t\t\t<span class=\"elementor-divider-separator\">\n\t\t\t\t\t\t<\/span>\n\t\t<\/div>\n\t\t\t\t\t\t<\/div>\n\t\t\t\t<div class=\"elementor-element elementor-element-5760de3 elementor-widget elementor-widget-text-editor\" data-id=\"5760de3\" data-element_type=\"widget\" data-widget_type=\"text-editor.default\">\n\t\t\t\t\t\t\t\t\t<h4>Published volumes<\/h4>\t\t\t\t\t\t\t\t<\/div>\n\t\t\t\t\t<\/div>\n\t\t<\/div>\n\t\t\t\t\t<\/div>\n\t\t<\/section>\n\t\t<div class=\"elementor-element elementor-element-641cc4f e-flex e-con-boxed e-con e-parent\" data-id=\"641cc4f\" data-element_type=\"container\">\n\t\t\t\t\t<div class=\"e-con-inner\">\n\t\t\t\t<div class=\"elementor-element elementor-element-8bfa101 elementor-widget elementor-widget-n-accordion\" data-id=\"8bfa101\" data-element_type=\"widget\" data-settings=\"{&quot;default_state&quot;:&quot;expanded&quot;,&quot;max_items_expended&quot;:&quot;one&quot;,&quot;n_accordion_animation_duration&quot;:{&quot;unit&quot;:&quot;ms&quot;,&quot;size&quot;:400,&quot;sizes&quot;:[]}}\" data-widget_type=\"nested-accordion.default\">\n\t\t\t\t\t\t\t<div class=\"e-n-accordion\" aria-label=\"Accordion. Open links with Enter or Space, close with Escape, and navigate with Arrow Keys\">\n\t\t\t\t\t\t<details id=\"e-n-accordion-item-1460\" class=\"e-n-accordion-item\" open>\n\t\t\t\t<summary class=\"e-n-accordion-item-title\" data-accordion-index=\"1\" tabindex=\"0\" aria-expanded=\"true\" aria-controls=\"e-n-accordion-item-1460\" >\n\t\t\t\t\t<span class='e-n-accordion-item-title-header'><div class=\"e-n-accordion-item-title-text\"> Vol. 1 - Schoenberg, l'arrangeur arrang\u00e9 <\/div><\/span>\n\t\t\t\t\t\t\t<span class='e-n-accordion-item-title-icon'>\n\t\t\t<span class='e-opened' ><svg aria-hidden=\"true\" class=\"e-font-icon-svg e-fas-minus\" viewbox=\"0 0 448 512\" xmlns=\"http:\/\/www.w3.org\/2000\/svg\"><path d=\"M416 208H32c-17.67 0-32 14.33-32 32v32c0 17.67 14.33 32 32 32h384c17.67 0 32-14.33 32-32v-32c0-17.67-14.33-32-32-32z\"><\/path><\/svg><\/span>\n\t\t\t<span class='e-closed'><svg aria-hidden=\"true\" class=\"e-font-icon-svg e-fas-plus\" viewbox=\"0 0 448 512\" xmlns=\"http:\/\/www.w3.org\/2000\/svg\"><path d=\"M416 208H272V64c0-17.67-14.33-32-32-32h-32c-17.67 0-32 14.33-32 32v144H32c-17.67 0-32 14.33-32 32v32c0 17.67 14.33 32 32 32h144v144c0 17.67 14.33 32 32 32h32c17.67 0 32-14.33 32-32V304h144c17.67 0 32-14.33 32-32v-32c0-17.67-14.33-32-32-32z\"><\/path><\/svg><\/span>\n\t\t<\/span>\n\n\t\t\t\t\t\t<\/summary>\n\t\t\t\t<div role=\"region\" aria-labelledby=\"e-n-accordion-item-1460\" class=\"elementor-element elementor-element-ffba643 e-con-full e-flex e-con e-child\" data-id=\"ffba643\" data-element_type=\"container\">\n\t\t<div role=\"region\" aria-labelledby=\"e-n-accordion-item-1460\" class=\"elementor-element elementor-element-a08ceaa e-con-full e-flex e-con e-child\" data-id=\"a08ceaa\" data-element_type=\"container\">\n\t\t\t\t<div class=\"elementor-element elementor-element-1e0e29e elementor-widget elementor-widget-image\" data-id=\"1e0e29e\" data-element_type=\"widget\" data-widget_type=\"image.default\">\n\t\t\t\t\t\t\t\t\t\t\t\t\t\t\t<img loading=\"lazy\" decoding=\"async\" width=\"300\" height=\"291\" src=\"https:\/\/voixetouffees.net\/wp-content\/uploads\/2025\/09\/FVE_VEMVVisuel1-300x291.jpg\" class=\"attachment-medium size-medium wp-image-403\" alt=\"\" srcset=\"https:\/\/voixetouffees.net\/wp-content\/uploads\/2025\/09\/FVE_VEMVVisuel1-300x291.jpg 300w, https:\/\/voixetouffees.net\/wp-content\/uploads\/2025\/09\/FVE_VEMVVisuel1-700x678.jpg 700w, https:\/\/voixetouffees.net\/wp-content\/uploads\/2025\/09\/FVE_VEMVVisuel1.jpg 763w\" sizes=\"(max-width: 300px) 100vw, 300px\" \/>\t\t\t\t\t\t\t\t\t\t\t\t\t\t\t<\/div>\n\t\t\t\t<\/div>\n\t\t<div role=\"region\" aria-labelledby=\"e-n-accordion-item-1460\" class=\"elementor-element elementor-element-55d8b0c e-con-full e-flex e-con e-child\" data-id=\"55d8b0c\" data-element_type=\"container\">\n\t\t\t\t<div class=\"elementor-element elementor-element-dd9aba3 elementor-widget elementor-widget-text-editor\" data-id=\"dd9aba3\" data-element_type=\"widget\" data-widget_type=\"text-editor.default\">\n\t\t\t\t\t\t\t\t\t<p><em>Last recording of the director Amaury du Closel\u00a0<\/em><\/p><p>\u00a0<\/p><p>Arnold Schoenberg is the leading artist in the radical changes in the music of the first half of the 20th century. A celebrated theorist, painter and author of works and arrangements, he is an exceptional figure. A Jew who had drifted away from religion, Schoenberg was one of the most famous victims of Nazi Germany's antisemitic policies.<\/p><p>\u00a0<\/p><h6>Kammersymphonie op.9 (arrangement A. Webern)<\/h6><h6>Das Buch der h\u00e4ngenden G\u00e4rten op.15 (arr. H. Burrell)<\/h6><h6>Fu\u0308nf Orchesterstu\u0308cke op.16 (arr. A. Schoenberg)<\/h6><p>\u00a0<\/p><p><strong>Orchestre Les M\u00e9tamorphoses<\/strong><\/p><p>Lilya Chifman \/ Eva Gris \/ Michael Serra, violon<br \/>Maxence Grimbert-Barr\u00e9, alto<br \/>Pierre Schaaf, violoncelle<br \/>Alba Cantuern, contrebasse<br \/>Hyowon Chi, fl\u00fbte<br \/>Philippe Cuper \/ Pierre Verneyre, clarinette<br \/>Anne Chamussy, hautbois<br \/>Marion Andr\u00e9, harmonium<br \/>Thomas Tacquet, piano<\/p><p>\u00a0<\/p><p><strong>Maria Schellenberg, mezzo-soprano<\/strong><br \/><strong>Amaury du Closel, direction<\/strong><\/p><p>\u00a0<\/p><p>CD release 2024\/11<\/p><p><a href=\"https:\/\/voixetouffees.net\/wp-content\/uploads\/2025\/09\/Hortus833-livret_WEB.pdf\">Download the booklet in PDF format<\/a><\/p>\t\t\t\t\t\t\t\t<\/div>\n\t\t\t\t<\/div>\n\t\t\t\t<\/div>\n\t\t\t\t\t<\/details>\n\t\t\t\t\t\t<details id=\"e-n-accordion-item-1461\" class=\"e-n-accordion-item\" >\n\t\t\t\t<summary class=\"e-n-accordion-item-title\" data-accordion-index=\"2\" tabindex=\"-1\" aria-expanded=\"false\" aria-controls=\"e-n-accordion-item-1461\" >\n\t\t\t\t\t<span class='e-n-accordion-item-title-header'><div class=\"e-n-accordion-item-title-text\"> Vol. 2 - Henriette B\u00f6smans, le diable dans la nuit <\/div><\/span>\n\t\t\t\t\t\t\t<span class='e-n-accordion-item-title-icon'>\n\t\t\t<span class='e-opened' ><svg aria-hidden=\"true\" class=\"e-font-icon-svg e-fas-minus\" viewbox=\"0 0 448 512\" xmlns=\"http:\/\/www.w3.org\/2000\/svg\"><path d=\"M416 208H32c-17.67 0-32 14.33-32 32v32c0 17.67 14.33 32 32 32h384c17.67 0 32-14.33 32-32v-32c0-17.67-14.33-32-32-32z\"><\/path><\/svg><\/span>\n\t\t\t<span class='e-closed'><svg aria-hidden=\"true\" class=\"e-font-icon-svg e-fas-plus\" viewbox=\"0 0 448 512\" xmlns=\"http:\/\/www.w3.org\/2000\/svg\"><path d=\"M416 208H272V64c0-17.67-14.33-32-32-32h-32c-17.67 0-32 14.33-32 32v144H32c-17.67 0-32 14.33-32 32v32c0 17.67 14.33 32 32 32h144v144c0 17.67 14.33 32 32 32h32c17.67 0 32-14.33 32-32V304h144c17.67 0 32-14.33 32-32v-32c0-17.67-14.33-32-32-32z\"><\/path><\/svg><\/span>\n\t\t<\/span>\n\n\t\t\t\t\t\t<\/summary>\n\t\t\t\t<div role=\"region\" aria-labelledby=\"e-n-accordion-item-1461\" class=\"elementor-element elementor-element-c51833d e-con-full e-flex e-con e-child\" data-id=\"c51833d\" data-element_type=\"container\">\n\t\t<div role=\"region\" aria-labelledby=\"e-n-accordion-item-1461\" class=\"elementor-element elementor-element-a6afc85 e-con-full e-flex e-con e-child\" data-id=\"a6afc85\" data-element_type=\"container\">\n\t\t\t\t<div class=\"elementor-element elementor-element-659db95 elementor-widget elementor-widget-image\" data-id=\"659db95\" data-element_type=\"widget\" data-widget_type=\"image.default\">\n\t\t\t\t\t\t\t\t\t\t\t\t\t\t\t<img loading=\"lazy\" decoding=\"async\" width=\"300\" height=\"270\" src=\"https:\/\/voixetouffees.net\/wp-content\/uploads\/2025\/09\/FVE_VEMVVol2-1-300x270.png\" class=\"attachment-medium size-medium wp-image-406\" alt=\"\" srcset=\"https:\/\/voixetouffees.net\/wp-content\/uploads\/2025\/09\/FVE_VEMVVol2-1-300x270.png 300w, https:\/\/voixetouffees.net\/wp-content\/uploads\/2025\/09\/FVE_VEMVVol2-1-1024x920.png 1024w, https:\/\/voixetouffees.net\/wp-content\/uploads\/2025\/09\/FVE_VEMVVol2-1-768x690.png 768w, https:\/\/voixetouffees.net\/wp-content\/uploads\/2025\/09\/FVE_VEMVVol2-1-480x434.png 480w, https:\/\/voixetouffees.net\/wp-content\/uploads\/2025\/09\/FVE_VEMVVol2-1-700x629.png 700w, https:\/\/voixetouffees.net\/wp-content\/uploads\/2025\/09\/FVE_VEMVVol2-1-125x112.png 125w, https:\/\/voixetouffees.net\/wp-content\/uploads\/2025\/09\/FVE_VEMVVol2-1-1100x988.png 1100w, https:\/\/voixetouffees.net\/wp-content\/uploads\/2025\/09\/FVE_VEMVVol2-1.png 1537w\" sizes=\"(max-width: 300px) 100vw, 300px\" \/>\t\t\t\t\t\t\t\t\t\t\t\t\t\t\t<\/div>\n\t\t\t\t<\/div>\n\t\t<div role=\"region\" aria-labelledby=\"e-n-accordion-item-1461\" class=\"elementor-element elementor-element-3e45724 e-con-full e-flex e-con e-child\" data-id=\"3e45724\" data-element_type=\"container\">\n\t\t\t\t<div class=\"elementor-element elementor-element-3a23b29 elementor-widget elementor-widget-text-editor\" data-id=\"3a23b29\" data-element_type=\"widget\" data-widget_type=\"text-editor.default\">\n\t\t\t\t\t\t\t\t\t<p>A renowned composer and concert pianist between the wars, Henri\u00ebtte Bosmans was unjustly forgotten after her death. Her career had already been seriously interrupted by the Nazi occupation of the Netherlands and the anti-Semitic persecution she had to endure. <em>Le Diable dans la nuit<\/em> brings his instrumental and vocal music back to the forefront. Full of color and contrast, her work has been neglected for too long.<\/p><p>\u00a0<\/p><h6>The Artist\u2019s Secret \/ Dit Eiland \/ La Chanson des marins h\u00e2l\u00e9s<br \/>Le Diable dans la nuit \/ Daar komen de Canadezen<br \/>Gebed \/ Lead, Kindly Light<br \/>Sonate pour violon et piano \/ Six Pr\u00e9ludes pour piano<\/h6><p>\u00a0<\/p><p><strong>Elizaveta Agrafenina, soprano<\/strong><br \/><strong>Sarah Bayens, violon<\/strong><br \/><strong>Dimitri Malignan, piano<\/strong><\/p><p>\u00a0<\/p><p>CD release 2025\/06<\/p>\t\t\t\t\t\t\t\t<\/div>\n\t\t\t\t<\/div>\n\t\t\t\t<\/div>\n\t\t\t\t\t<\/details>\n\t\t\t\t\t\t<details id=\"e-n-accordion-item-1462\" class=\"e-n-accordion-item\" >\n\t\t\t\t<summary class=\"e-n-accordion-item-title\" data-accordion-index=\"3\" tabindex=\"-1\" aria-expanded=\"false\" aria-controls=\"e-n-accordion-item-1462\" >\n\t\t\t\t\t<span class='e-n-accordion-item-title-header'><div class=\"e-n-accordion-item-title-text\"> Vol. 3 - Joseph Kosma, \u00e0 la belle \u00e9toile <\/div><\/span>\n\t\t\t\t\t\t\t<span class='e-n-accordion-item-title-icon'>\n\t\t\t<span class='e-opened' ><svg aria-hidden=\"true\" class=\"e-font-icon-svg e-fas-minus\" viewbox=\"0 0 448 512\" xmlns=\"http:\/\/www.w3.org\/2000\/svg\"><path d=\"M416 208H32c-17.67 0-32 14.33-32 32v32c0 17.67 14.33 32 32 32h384c17.67 0 32-14.33 32-32v-32c0-17.67-14.33-32-32-32z\"><\/path><\/svg><\/span>\n\t\t\t<span class='e-closed'><svg aria-hidden=\"true\" class=\"e-font-icon-svg e-fas-plus\" viewbox=\"0 0 448 512\" xmlns=\"http:\/\/www.w3.org\/2000\/svg\"><path d=\"M416 208H272V64c0-17.67-14.33-32-32-32h-32c-17.67 0-32 14.33-32 32v144H32c-17.67 0-32 14.33-32 32v32c0 17.67 14.33 32 32 32h144v144c0 17.67 14.33 32 32 32h32c17.67 0 32-14.33 32-32V304h144c17.67 0 32-14.33 32-32v-32c0-17.67-14.33-32-32-32z\"><\/path><\/svg><\/span>\n\t\t<\/span>\n\n\t\t\t\t\t\t<\/summary>\n\t\t\t\t<div role=\"region\" aria-labelledby=\"e-n-accordion-item-1462\" class=\"elementor-element elementor-element-327f40d e-flex e-con-boxed e-con e-child\" data-id=\"327f40d\" data-element_type=\"container\">\n\t\t\t\t\t<div class=\"e-con-inner\">\n\t\t<div role=\"region\" aria-labelledby=\"e-n-accordion-item-1462\" class=\"elementor-element elementor-element-522b7ab e-con-full e-flex e-con e-child\" data-id=\"522b7ab\" data-element_type=\"container\">\n\t\t\t\t<div class=\"elementor-element elementor-element-b72208f elementor-widget elementor-widget-image\" data-id=\"b72208f\" data-element_type=\"widget\" data-widget_type=\"image.default\">\n\t\t\t\t\t\t\t\t\t\t\t\t\t\t\t<img loading=\"lazy\" decoding=\"async\" width=\"300\" height=\"269\" src=\"https:\/\/voixetouffees.net\/wp-content\/uploads\/2025\/11\/VxEtff_Kosma-digipack-BAT_Page_1-300x269.png\" class=\"attachment-medium size-medium wp-image-617\" alt=\"\" srcset=\"https:\/\/voixetouffees.net\/wp-content\/uploads\/2025\/11\/VxEtff_Kosma-digipack-BAT_Page_1-300x269.png 300w, https:\/\/voixetouffees.net\/wp-content\/uploads\/2025\/11\/VxEtff_Kosma-digipack-BAT_Page_1-768x689.png 768w, https:\/\/voixetouffees.net\/wp-content\/uploads\/2025\/11\/VxEtff_Kosma-digipack-BAT_Page_1-13x12.png 13w, https:\/\/voixetouffees.net\/wp-content\/uploads\/2025\/11\/VxEtff_Kosma-digipack-BAT_Page_1-700x628.png 700w, https:\/\/voixetouffees.net\/wp-content\/uploads\/2025\/11\/VxEtff_Kosma-digipack-BAT_Page_1-125x112.png 125w, https:\/\/voixetouffees.net\/wp-content\/uploads\/2025\/11\/VxEtff_Kosma-digipack-BAT_Page_1.png 824w\" sizes=\"(max-width: 300px) 100vw, 300px\" \/>\t\t\t\t\t\t\t\t\t\t\t\t\t\t\t<\/div>\n\t\t\t\t<\/div>\n\t\t<div role=\"region\" aria-labelledby=\"e-n-accordion-item-1462\" class=\"elementor-element elementor-element-dac2adb e-con-full e-flex e-con e-child\" data-id=\"dac2adb\" data-element_type=\"container\">\n\t\t\t\t<div class=\"elementor-element elementor-element-95140f4 elementor-widget elementor-widget-text-editor\" data-id=\"95140f4\" data-element_type=\"widget\" data-widget_type=\"text-editor.default\">\n\t\t\t\t\t\t\t\t\t<p>Juif hongrois, Joseph Kosma, \u00e0 l&rsquo;instar de Brecht, Weill et Eisler, doit fuir Berlin en 1933. <em>A la Belle \u00e9toile<\/em> (1935) marque ses d\u00e9buts parisiens : rencontre avec Pr\u00e9vert, luttes politiques, musique de films, chansons. Cet album prend ainsi le parti de faire red\u00e9couvrir des oeuvres m\u00e9connues, in\u00e9dites au disque de cette \u00e9poque, pour choeur, piano et voix. Des oeuvres \u00e9crites au fil des rencontres, en particulier avec les r\u00e9sistants Madeleine Riffaud et Henri Bassis, et en fid\u00e9lit\u00e9 \u00e0 un id\u00e9al r\u00e9volutionnaire (<em>Si nous mourrons<\/em>, \u00e9crite sur la lettre d&rsquo;Ethel Rosenberg \u00e0 ses deux fils).<\/p><p>\u00a0<\/p><h6>Zouika, \u00ab\u00a0petite rhapsodie tsigane\u00a0\u00bb \/ Sonatine pour violon et piano \/ Esquisses b\u00e9arnaises \/ Cinq chansons populaires du Languedoc \/ Les Oiseaux du souci \/ Traquenard \/ Les Femmes &#8230;<\/h6><p>\u00a0<\/p><p><strong>David Moreau, violon<\/strong><br \/><strong>Catherine Trotmann, soprano<\/strong><br \/><strong>Anne-Lise Polchlopek, mezzo-soprano<br \/>Choeur Fiat Cantus &#8211; <\/strong><strong>Ensemble Les M\u00e9tamorphoses<\/strong><\/p><p><strong>Thomas Tacquet, piano et direction<\/strong><\/p><p>\u00a0<\/p><p>Sortie d\u00e9cembre 2025<\/p>\t\t\t\t\t\t\t\t<\/div>\n\t\t\t\t<\/div>\n\t\t\t\t\t<\/div>\n\t\t\t\t<\/div>\n\t\t\t\t\t<\/details>\n\t\t\t\t\t<\/div>\n\t\t\t\t\t\t<\/div>\n\t\t\t\t\t<\/div>\n\t\t\t\t<\/div>\n\t\t\t\t<\/div>","protected":false},"excerpt":{"rendered":"<p>Voix \u00c9touff\u00e9es Missing Voices &#8211; une nouvelle collection franco-europ\u00e9enne 2024-2029 Apr\u00e8s la collection \u201cLes Musiciens et la Grande Guerre\u201d (36 volumes r\u00e9partis entre 2014 et 2019) , les \u00e9ditions Hortus entendent participer au travail de m\u00e9moire sonore de la deuxi\u00e8me guerre mondiale par cette nouvelle&#8230;<\/p>","protected":false},"author":1,"featured_media":0,"parent":0,"menu_order":0,"comment_status":"closed","ping_status":"closed","template":"","meta":{"footnotes":""},"class_list":["post-398","page","type-page","status-publish","hentry"],"_links":{"self":[{"href":"https:\/\/voixetouffees.net\/en\/wp-json\/wp\/v2\/pages\/398","targetHints":{"allow":["GET"]}}],"collection":[{"href":"https:\/\/voixetouffees.net\/en\/wp-json\/wp\/v2\/pages"}],"about":[{"href":"https:\/\/voixetouffees.net\/en\/wp-json\/wp\/v2\/types\/page"}],"author":[{"embeddable":true,"href":"https:\/\/voixetouffees.net\/en\/wp-json\/wp\/v2\/users\/1"}],"replies":[{"embeddable":true,"href":"https:\/\/voixetouffees.net\/en\/wp-json\/wp\/v2\/comments?post=398"}],"version-history":[{"count":16,"href":"https:\/\/voixetouffees.net\/en\/wp-json\/wp\/v2\/pages\/398\/revisions"}],"predecessor-version":[{"id":626,"href":"https:\/\/voixetouffees.net\/en\/wp-json\/wp\/v2\/pages\/398\/revisions\/626"}],"wp:attachment":[{"href":"https:\/\/voixetouffees.net\/en\/wp-json\/wp\/v2\/media?parent=398"}],"curies":[{"name":"wp","href":"https:\/\/api.w.org\/{rel}","templated":true}]}}